{"id":29275,"date":"2026-03-13T00:15:39","date_gmt":"2026-03-13T00:15:39","guid":{"rendered":"https:\/\/famosso.ba\/?post_type=product&#038;p=29275"},"modified":"2026-03-13T00:37:18","modified_gmt":"2026-03-13T00:37:18","slug":"la-cimbali-m100","status":"publish","type":"product","link":"https:\/\/famosso.ba\/bs\/proizvod\/la-cimbali-m100\/","title":{"rendered":"La Cimbali M100"},"content":{"rendered":"","protected":false},"excerpt":{"rendered":"<div class=\"product-header twb-grid-limited\">\n<div class=\"ct-product-right\">\n<h1 class=\"field field--name-field-formatted-headline field--type-text field--label-hidden\"><\/h1>\n<div class=\"clearfix text-formatted field field--name-field-dsu-product-desc field--type-text-with-summary field--label-hidden field__item\" data-once=\"div\">\n<p>M100 je tradicionalni aparat za kavu modernog dizajna i tehnologije sa 2 ili 3 grupe za pripremu kave. Pode\u0161avanja se vr\u0161e putem LED zaslona osjetljivog na dodir. Izra\u0111en je od aluminija, nehr\u0111aju\u0107eg \u010delika s poliranim prednjim panelom.<\/p>\n<\/div>\n<\/div>\n<\/div>\n<div class=\"node__content clearfix\">\n<div class=\"field field--name-field-components field--type-entity-reference-revisions field--label-hidden field__items\">\n<div class=\"field__item\">\n<div class=\"compatibility-mode mb-0 paragraph paragraph--type--c-text paragraph--view-mode--default\">\n<div class=\"twb-grid-limited \">\n<article class=\"contextual-region dsu-component-page is-promoted full clearfix\" role=\"article\">\n<div class=\"content twb-narrow\">\n<div class=\"field field--name-field-components field--type-entity-reference-revisions field--label-hidden field--items\">\n<div class=\"field--item\">\n<div class=\"paragraph paragraph--type--c-text paragraph--view-mode--default\">\n<div class=\"clearfix text-formatted field field--name-field-c-text field--type-text-long field--label-hidden field__item\" data-once=\"div\">\n<div class=\"table-wrapper\" tabindex=\"-1\">\n<table>\n<tbody>\n<tr>\n<td><strong>Dimenzije sa 2 ili 3 grupe u cm<\/strong><\/td>\n<td>60,0 x 81,7\/102,0 x 56.8<\/td>\n<\/tr>\n<tr>\n<td><strong>Te\u017eina [KG]<\/strong><\/td>\n<td>209,4\/240,3<\/td>\n<\/tr>\n<tr>\n<td><strong>Vodovodni priklju\u010dak<\/strong><\/td>\n<td>Direktan<\/td>\n<\/tr>\n<tr>\n<td><strong>Napajanje<\/strong><\/td>\n<td>230 V<\/td>\n<\/tr>\n<tr>\n<td><strong>Zapremina bojlera<\/strong><\/td>\n<td>10 l ( 400 CC za multi boiler ).<\/td>\n<\/tr>\n<tr>\n<td><strong>Termosifonski sustav<\/strong><\/td>\n<td>odvojeni grija\u010di vode<\/td>\n<\/tr>\n<\/tbody>\n<\/table>\n<\/div>\n<\/div>\n<\/div>\n<\/div>\n<\/div>\n<\/div>\n<\/article>\n<\/div>\n<\/div>\n<\/div>\n<\/div>\n<\/div>\n","protected":false},"featured_media":29308,"comment_status":"open","ping_status":"closed","template":"","meta":{"pagelayer_contact_templates":[],"_pagelayer_content":""},"product_brand":[80],"product_cat":[75,74],"product_tag":[],"class_list":{"0":"post-29275","1":"product","2":"type-product","3":"status-publish","4":"has-post-thumbnail","6":"product_brand-la-cimbali","7":"product_cat-kafe-aparati","8":"product_cat-proizvodi","10":"first","11":"instock","12":"shipping-taxable","13":"product-type-simple"},"_links":{"self":[{"href":"https:\/\/famosso.ba\/bs\/wp-json\/wp\/v2\/product\/29275","targetHints":{"allow":["GET"]}}],"collection":[{"href":"https:\/\/famosso.ba\/bs\/wp-json\/wp\/v2\/product"}],"about":[{"href":"https:\/\/famosso.ba\/bs\/wp-json\/wp\/v2\/types\/product"}],"replies":[{"embeddable":true,"href":"https:\/\/famosso.ba\/bs\/wp-json\/wp\/v2\/comments?post=29275"}],"version-history":[{"count":1,"href":"https:\/\/famosso.ba\/bs\/wp-json\/wp\/v2\/product\/29275\/revisions"}],"predecessor-version":[{"id":29279,"href":"https:\/\/famosso.ba\/bs\/wp-json\/wp\/v2\/product\/29275\/revisions\/29279"}],"wp:featuredmedia":[{"embeddable":true,"href":"https:\/\/famosso.ba\/bs\/wp-json\/wp\/v2\/media\/29308"}],"wp:attachment":[{"href":"https:\/\/famosso.ba\/bs\/wp-json\/wp\/v2\/media?parent=29275"}],"wp:term":[{"taxonomy":"product_brand","embeddable":true,"href":"https:\/\/famosso.ba\/bs\/wp-json\/wp\/v2\/product_brand?post=29275"},{"taxonomy":"product_cat","embeddable":true,"href":"https:\/\/famosso.ba\/bs\/wp-json\/wp\/v2\/product_cat?post=29275"},{"taxonomy":"product_tag","embeddable":true,"href":"https:\/\/famosso.ba\/bs\/wp-json\/wp\/v2\/product_tag?post=29275"}],"curies":[{"name":"wp","href":"https:\/\/api.w.org\/{rel}","templated":true}]}}