{"id":29380,"date":"2026-03-17T21:09:18","date_gmt":"2026-03-17T21:09:18","guid":{"rendered":"https:\/\/famosso.ba\/?post_type=product&#038;p=29380"},"modified":"2026-03-17T21:27:33","modified_gmt":"2026-03-17T21:27:33","slug":"nescafe-fts-30-e-bean-to-cup","status":"publish","type":"product","link":"https:\/\/famosso.ba\/bs\/proizvod\/nescafe-fts-30-e-bean-to-cup\/","title":{"rendered":"NESCAF\u00c9 FTS 30 E ,,Bean to cup,,"},"content":{"rendered":"","protected":false},"excerpt":{"rendered":"<div class=\"product-header twb-grid-limited\">\n<div class=\"ct-product-right\">\n<div class=\"product-top only-desktop\">\n<div class=\"field field--name-field-brand field--type-entity-reference field--label-hidden field__item\">\n<article class=\"node node--type-brand node--view-mode-compact\">\n<div class=\"blazy blazy--nojs blazy--field blazy--field-media-logo-listings blazy--field-media-logo-listings--compact field field--name-field-media-logo-listings field--type-entity-reference field--label-hidden field__item\" data-blazy=\"\">\n<p><span lang=\"EN-US\">NESCAF\u00c9\u00ae komercijalni aparat za kavu od zrna do \u0161alice sa zaslonom osjetljivim na dodir.<\/span><\/p>\n<p><span lang=\"EN-US\">NESCAF\u00c9 Bean to Cup kombinira bogatstvo i aromu crne kave od zrna do \u0161alice, s brzinom, dosljedno\u0161\u0107u i lako\u0107om. Pametne zna\u010dajke grijanja, mljevenja i kuhanja aparata poma\u017eu u isporuci kave izvrsnog okusa serviranje za serviranjem. Zaslon osjetljiv na dodir omogu\u0107uje odabir do 24 pi\u0107a.<\/span><\/p>\n<\/div>\n<\/article>\n<\/div>\n<\/div>\n<\/div>\n<\/div>\n<div class=\"twb-grid-limited\">\n<div class=\"ct-product-links\">\n<div class=\"print-button\" tabindex=\"0\" role=\"button\"><\/div>\n<\/div>\n<\/div>\n<div class=\"node__content clearfix\">\n<div class=\"field field--name-field-components field--type-entity-reference-revisions field--label-hidden field__items\">\n<div class=\"field__item\">\n<div class=\"compatibility-mode mb-0 paragraph paragraph--type--c-text paragraph--view-mode--default\">\n<div class=\"twb-grid-limited \">\n<article class=\"contextual-region dsu-component-page is-promoted full clearfix\" role=\"article\">\n<div class=\"content twb-narrow\">\n<div class=\"field field--name-field-components field--type-entity-reference-revisions field--label-hidden field--items\">\n<div class=\"field--item\">\n<div class=\"paragraph paragraph--type--c-text paragraph--view-mode--default\">\n<div class=\"clearfix text-formatted field field--name-field-c-text field--type-text-long field--label-hidden field__item\" data-once=\"div\">\n<div class=\"table-wrapper\" tabindex=\"-1\">\n<table>\n<tbody>\n<tr>\n<td><strong>Dimenzije u cm (V x \u0160 x D)<\/strong><\/td>\n<td>64.0 x 31.8 x 54.4\u00a0\u200b<\/td>\n<\/tr>\n<tr>\n<td><strong>Te\u017eina [KG]<\/strong><\/td>\n<td>29.5<\/td>\n<\/tr>\n<tr>\n<td><strong>Vodovodni priklju\u010dak<\/strong><\/td>\n<td>Direktan \/ s pumpom<\/td>\n<\/tr>\n<tr>\n<td><strong>Napajanje<\/strong><\/td>\n<td>230 V<\/td>\n<\/tr>\n<tr>\n<td><strong>Broj napitaka<\/strong><\/td>\n<td>do 23<\/td>\n<\/tr>\n<\/tbody>\n<\/table>\n<\/div>\n<\/div>\n<\/div>\n<\/div>\n<\/div>\n<\/div>\n<\/article>\n<\/div>\n<\/div>\n<\/div>\n<\/div>\n<\/div>\n","protected":false},"featured_media":29393,"comment_status":"open","ping_status":"closed","template":"","meta":{"pagelayer_contact_templates":[],"_pagelayer_content":""},"product_brand":[78],"product_cat":[75,74],"product_tag":[],"class_list":{"0":"post-29380","1":"product","2":"type-product","3":"status-publish","4":"has-post-thumbnail","6":"product_brand-nescafe","7":"product_cat-kafe-aparati","8":"product_cat-proizvodi","10":"first","11":"instock","12":"shipping-taxable","13":"product-type-simple"},"_links":{"self":[{"href":"https:\/\/famosso.ba\/bs\/wp-json\/wp\/v2\/product\/29380","targetHints":{"allow":["GET"]}}],"collection":[{"href":"https:\/\/famosso.ba\/bs\/wp-json\/wp\/v2\/product"}],"about":[{"href":"https:\/\/famosso.ba\/bs\/wp-json\/wp\/v2\/types\/product"}],"replies":[{"embeddable":true,"href":"https:\/\/famosso.ba\/bs\/wp-json\/wp\/v2\/comments?post=29380"}],"version-history":[{"count":3,"href":"https:\/\/famosso.ba\/bs\/wp-json\/wp\/v2\/product\/29380\/revisions"}],"predecessor-version":[{"id":29386,"href":"https:\/\/famosso.ba\/bs\/wp-json\/wp\/v2\/product\/29380\/revisions\/29386"}],"wp:featuredmedia":[{"embeddable":true,"href":"https:\/\/famosso.ba\/bs\/wp-json\/wp\/v2\/media\/29393"}],"wp:attachment":[{"href":"https:\/\/famosso.ba\/bs\/wp-json\/wp\/v2\/media?parent=29380"}],"wp:term":[{"taxonomy":"product_brand","embeddable":true,"href":"https:\/\/famosso.ba\/bs\/wp-json\/wp\/v2\/product_brand?post=29380"},{"taxonomy":"product_cat","embeddable":true,"href":"https:\/\/famosso.ba\/bs\/wp-json\/wp\/v2\/product_cat?post=29380"},{"taxonomy":"product_tag","embeddable":true,"href":"https:\/\/famosso.ba\/bs\/wp-json\/wp\/v2\/product_tag?post=29380"}],"curies":[{"name":"wp","href":"https:\/\/api.w.org\/{rel}","templated":true}]}}