{"id":29404,"date":"2026-03-17T21:42:20","date_gmt":"2026-03-17T21:42:20","guid":{"rendered":"https:\/\/famosso.ba\/?post_type=product&#038;p=29404"},"modified":"2026-03-17T21:43:34","modified_gmt":"2026-03-17T21:43:34","slug":"aparat-za-kavu-nescafe-fts-60e","status":"publish","type":"product","link":"https:\/\/famosso.ba\/bs\/proizvod\/aparat-za-kavu-nescafe-fts-60e\/","title":{"rendered":"APARAT ZA KAVU NESCAF\u00c9 FTS 60E"},"content":{"rendered":"","protected":false},"excerpt":{"rendered":"<p>NESCAF\u00c9 FTS 60 E je pobolj\u0161ani aparat sa stiliziranim, suvremenim dizajnom koji dolazi s intuitivnom dodirnom plo\u010dom osvijetljenom atraktivnim LED diodama, istaknutim mlaznicom od poliranog aluminija, s legendarnim NESCAF\u00c9 crvenim naglaskom.<\/p>\n<p>\u2022 Zrna kave i instant kava<\/p>\n<p>\u2022 Dostupno je do 12 odabira<\/p>\n<p>\u2022 10&#8242; dodirna plo\u010da za odabir pi\u0107a<\/p>\n<p>\u2022 LED osvijetljenje<\/p>\n<p>\u2022 Preporu\u010da se za mjesta s minimalnom konzumacijom od 60 pi\u0107a dnevno<\/p>","protected":false},"featured_media":29407,"comment_status":"open","ping_status":"closed","template":"","meta":{"pagelayer_contact_templates":[],"_pagelayer_content":""},"product_brand":[78],"product_cat":[75,74],"product_tag":[],"class_list":{"0":"post-29404","1":"product","2":"type-product","3":"status-publish","4":"has-post-thumbnail","6":"product_brand-nescafe","7":"product_cat-kafe-aparati","8":"product_cat-proizvodi","10":"first","11":"instock","12":"shipping-taxable","13":"product-type-simple"},"_links":{"self":[{"href":"https:\/\/famosso.ba\/bs\/wp-json\/wp\/v2\/product\/29404","targetHints":{"allow":["GET"]}}],"collection":[{"href":"https:\/\/famosso.ba\/bs\/wp-json\/wp\/v2\/product"}],"about":[{"href":"https:\/\/famosso.ba\/bs\/wp-json\/wp\/v2\/types\/product"}],"replies":[{"embeddable":true,"href":"https:\/\/famosso.ba\/bs\/wp-json\/wp\/v2\/comments?post=29404"}],"version-history":[{"count":1,"href":"https:\/\/famosso.ba\/bs\/wp-json\/wp\/v2\/product\/29404\/revisions"}],"predecessor-version":[{"id":29408,"href":"https:\/\/famosso.ba\/bs\/wp-json\/wp\/v2\/product\/29404\/revisions\/29408"}],"wp:featuredmedia":[{"embeddable":true,"href":"https:\/\/famosso.ba\/bs\/wp-json\/wp\/v2\/media\/29407"}],"wp:attachment":[{"href":"https:\/\/famosso.ba\/bs\/wp-json\/wp\/v2\/media?parent=29404"}],"wp:term":[{"taxonomy":"product_brand","embeddable":true,"href":"https:\/\/famosso.ba\/bs\/wp-json\/wp\/v2\/product_brand?post=29404"},{"taxonomy":"product_cat","embeddable":true,"href":"https:\/\/famosso.ba\/bs\/wp-json\/wp\/v2\/product_cat?post=29404"},{"taxonomy":"product_tag","embeddable":true,"href":"https:\/\/famosso.ba\/bs\/wp-json\/wp\/v2\/product_tag?post=29404"}],"curies":[{"name":"wp","href":"https:\/\/api.w.org\/{rel}","templated":true}]}}