{"id":29418,"date":"2026-03-23T13:35:08","date_gmt":"2026-03-23T13:35:08","guid":{"rendered":"https:\/\/famosso.ba\/?post_type=product&#038;p=29418"},"modified":"2026-03-23T13:35:08","modified_gmt":"2026-03-23T13:35:08","slug":"thomy-ketchup-gastro-sachet-20g","status":"publish","type":"product","link":"https:\/\/famosso.ba\/bs\/proizvod\/thomy-ketchup-gastro-sachet-20g\/","title":{"rendered":"THOMY Ketchup Gastro Sachet 20g"},"content":{"rendered":"","protected":false},"excerpt":{"rendered":"<p>THOMY-jev originalni ke\u010dap. Paradajz uzgojen pod suncem i malo aromati\u010dnog octa karakteriziraju njegov potpuno aromati\u010dan okus. Jednostavno dobri sastojci!<\/p>","protected":false},"featured_media":29421,"comment_status":"open","ping_status":"closed","template":"","meta":{"pagelayer_contact_templates":[],"_pagelayer_content":""},"product_brand":[85],"product_cat":[82,84],"product_tag":[],"class_list":{"0":"post-29418","1":"product","2":"type-product","3":"status-publish","4":"has-post-thumbnail","6":"product_brand-thomy","7":"product_cat-hrana","8":"product_cat-ketchup","10":"first","11":"instock","12":"shipping-taxable","13":"product-type-simple"},"_links":{"self":[{"href":"https:\/\/famosso.ba\/bs\/wp-json\/wp\/v2\/product\/29418","targetHints":{"allow":["GET"]}}],"collection":[{"href":"https:\/\/famosso.ba\/bs\/wp-json\/wp\/v2\/product"}],"about":[{"href":"https:\/\/famosso.ba\/bs\/wp-json\/wp\/v2\/types\/product"}],"replies":[{"embeddable":true,"href":"https:\/\/famosso.ba\/bs\/wp-json\/wp\/v2\/comments?post=29418"}],"version-history":[{"count":2,"href":"https:\/\/famosso.ba\/bs\/wp-json\/wp\/v2\/product\/29418\/revisions"}],"predecessor-version":[{"id":29423,"href":"https:\/\/famosso.ba\/bs\/wp-json\/wp\/v2\/product\/29418\/revisions\/29423"}],"wp:featuredmedia":[{"embeddable":true,"href":"https:\/\/famosso.ba\/bs\/wp-json\/wp\/v2\/media\/29421"}],"wp:attachment":[{"href":"https:\/\/famosso.ba\/bs\/wp-json\/wp\/v2\/media?parent=29418"}],"wp:term":[{"taxonomy":"product_brand","embeddable":true,"href":"https:\/\/famosso.ba\/bs\/wp-json\/wp\/v2\/product_brand?post=29418"},{"taxonomy":"product_cat","embeddable":true,"href":"https:\/\/famosso.ba\/bs\/wp-json\/wp\/v2\/product_cat?post=29418"},{"taxonomy":"product_tag","embeddable":true,"href":"https:\/\/famosso.ba\/bs\/wp-json\/wp\/v2\/product_tag?post=29418"}],"curies":[{"name":"wp","href":"https:\/\/api.w.org\/{rel}","templated":true}]}}