{"id":29433,"date":"2026-03-28T09:13:40","date_gmt":"2026-03-28T09:13:40","guid":{"rendered":"https:\/\/famosso.ba\/?post_type=product&#038;p=29433"},"modified":"2026-03-28T09:14:38","modified_gmt":"2026-03-28T09:14:38","slug":"thomy-mayonnaise-gastro-sachet-20g","status":"publish","type":"product","link":"https:\/\/famosso.ba\/bs\/proizvod\/thomy-mayonnaise-gastro-sachet-20g\/","title":{"rendered":"THOMY Mayonnaise Gastro Sachet 20g"},"content":{"rendered":"","protected":false},"excerpt":{"rendered":"<p>THOMY majonez je sigurno okrunio mnoga va\u0161a jela. Jer kremasti, neuporedivi ukus tipi\u010dne THOMY majoneze pretvara svaki zalogaj u kraljevski u\u017eitak. Neizostavan je dodatak va\u0161im hladnim jelima i idealna osnova za pripremu va\u0161eg koktel sosa ili tartar sosa. Ako volite majonez, ne mo\u017eete ga izbje\u0107<\/p>","protected":false},"featured_media":29438,"comment_status":"open","ping_status":"closed","template":"","meta":{"pagelayer_contact_templates":[],"_pagelayer_content":""},"product_brand":[85],"product_cat":[82,74],"product_tag":[],"class_list":{"0":"post-29433","1":"product","2":"type-product","3":"status-publish","4":"has-post-thumbnail","6":"product_brand-thomy","7":"product_cat-hrana","8":"product_cat-proizvodi","10":"first","11":"instock","12":"shipping-taxable","13":"product-type-simple"},"_links":{"self":[{"href":"https:\/\/famosso.ba\/bs\/wp-json\/wp\/v2\/product\/29433","targetHints":{"allow":["GET"]}}],"collection":[{"href":"https:\/\/famosso.ba\/bs\/wp-json\/wp\/v2\/product"}],"about":[{"href":"https:\/\/famosso.ba\/bs\/wp-json\/wp\/v2\/types\/product"}],"replies":[{"embeddable":true,"href":"https:\/\/famosso.ba\/bs\/wp-json\/wp\/v2\/comments?post=29433"}],"version-history":[{"count":2,"href":"https:\/\/famosso.ba\/bs\/wp-json\/wp\/v2\/product\/29433\/revisions"}],"predecessor-version":[{"id":29437,"href":"https:\/\/famosso.ba\/bs\/wp-json\/wp\/v2\/product\/29433\/revisions\/29437"}],"wp:featuredmedia":[{"embeddable":true,"href":"https:\/\/famosso.ba\/bs\/wp-json\/wp\/v2\/media\/29438"}],"wp:attachment":[{"href":"https:\/\/famosso.ba\/bs\/wp-json\/wp\/v2\/media?parent=29433"}],"wp:term":[{"taxonomy":"product_brand","embeddable":true,"href":"https:\/\/famosso.ba\/bs\/wp-json\/wp\/v2\/product_brand?post=29433"},{"taxonomy":"product_cat","embeddable":true,"href":"https:\/\/famosso.ba\/bs\/wp-json\/wp\/v2\/product_cat?post=29433"},{"taxonomy":"product_tag","embeddable":true,"href":"https:\/\/famosso.ba\/bs\/wp-json\/wp\/v2\/product_tag?post=29433"}],"curies":[{"name":"wp","href":"https:\/\/api.w.org\/{rel}","templated":true}]}}