{"id":29439,"date":"2026-03-28T09:20:44","date_gmt":"2026-03-28T09:20:44","guid":{"rendered":"https:\/\/famosso.ba\/?post_type=product&#038;p=29439"},"modified":"2026-03-28T09:20:44","modified_gmt":"2026-03-28T09:20:44","slug":"choco-cappuccino","status":"publish","type":"product","link":"https:\/\/famosso.ba\/bs\/proizvod\/choco-cappuccino\/","title":{"rendered":"Choco Cappuccino"},"content":{"rendered":"","protected":false},"excerpt":{"rendered":"<p>Mje\u0161avina kakao praha, kave, obranog mlijeka u prahu i \u0161e\u0107era u jednoj vre\u0107ici.\u200b<\/p>","protected":false},"featured_media":29442,"comment_status":"open","ping_status":"closed","template":"","meta":{"pagelayer_contact_templates":[],"_pagelayer_content":""},"product_brand":[78],"product_cat":[83,74],"product_tag":[],"class_list":{"0":"post-29439","1":"product","2":"type-product","3":"status-publish","4":"has-post-thumbnail","6":"product_brand-nescafe","7":"product_cat-instant-kafa","8":"product_cat-proizvodi","10":"first","11":"instock","12":"shipping-taxable","13":"product-type-simple"},"_links":{"self":[{"href":"https:\/\/famosso.ba\/bs\/wp-json\/wp\/v2\/product\/29439","targetHints":{"allow":["GET"]}}],"collection":[{"href":"https:\/\/famosso.ba\/bs\/wp-json\/wp\/v2\/product"}],"about":[{"href":"https:\/\/famosso.ba\/bs\/wp-json\/wp\/v2\/types\/product"}],"replies":[{"embeddable":true,"href":"https:\/\/famosso.ba\/bs\/wp-json\/wp\/v2\/comments?post=29439"}],"version-history":[{"count":2,"href":"https:\/\/famosso.ba\/bs\/wp-json\/wp\/v2\/product\/29439\/revisions"}],"predecessor-version":[{"id":29444,"href":"https:\/\/famosso.ba\/bs\/wp-json\/wp\/v2\/product\/29439\/revisions\/29444"}],"wp:featuredmedia":[{"embeddable":true,"href":"https:\/\/famosso.ba\/bs\/wp-json\/wp\/v2\/media\/29442"}],"wp:attachment":[{"href":"https:\/\/famosso.ba\/bs\/wp-json\/wp\/v2\/media?parent=29439"}],"wp:term":[{"taxonomy":"product_brand","embeddable":true,"href":"https:\/\/famosso.ba\/bs\/wp-json\/wp\/v2\/product_brand?post=29439"},{"taxonomy":"product_cat","embeddable":true,"href":"https:\/\/famosso.ba\/bs\/wp-json\/wp\/v2\/product_cat?post=29439"},{"taxonomy":"product_tag","embeddable":true,"href":"https:\/\/famosso.ba\/bs\/wp-json\/wp\/v2\/product_tag?post=29439"}],"curies":[{"name":"wp","href":"https:\/\/api.w.org\/{rel}","templated":true}]}}