{"id":29451,"date":"2026-03-28T09:52:22","date_gmt":"2026-03-28T09:52:22","guid":{"rendered":"https:\/\/famosso.ba\/?post_type=product&#038;p=29451"},"modified":"2026-03-28T09:52:32","modified_gmt":"2026-03-28T09:52:32","slug":"nescafe-3u1-strong-kava-u-vrecici","status":"publish","type":"product","link":"https:\/\/famosso.ba\/bs\/proizvod\/nescafe-3u1-strong-kava-u-vrecici\/","title":{"rendered":"Nescaf\u00e9 3u1 Strong kava u vre\u0107ici"},"content":{"rendered":"","protected":false},"excerpt":{"rendered":"<p>Probaj NESCAF\u00c9 3u1 Strong i otkrij bogatu aromu i jak okus kafe.<\/p>","protected":false},"featured_media":29454,"comment_status":"open","ping_status":"closed","template":"","meta":{"pagelayer_contact_templates":[],"_pagelayer_content":""},"product_brand":[78],"product_cat":[83,76,74],"product_tag":[],"class_list":{"0":"post-29451","1":"product","2":"type-product","3":"status-publish","4":"has-post-thumbnail","6":"product_brand-nescafe","7":"product_cat-instant-kafa","8":"product_cat-kafa","9":"product_cat-proizvodi","11":"first","12":"instock","13":"shipping-taxable","14":"product-type-simple"},"_links":{"self":[{"href":"https:\/\/famosso.ba\/bs\/wp-json\/wp\/v2\/product\/29451","targetHints":{"allow":["GET"]}}],"collection":[{"href":"https:\/\/famosso.ba\/bs\/wp-json\/wp\/v2\/product"}],"about":[{"href":"https:\/\/famosso.ba\/bs\/wp-json\/wp\/v2\/types\/product"}],"replies":[{"embeddable":true,"href":"https:\/\/famosso.ba\/bs\/wp-json\/wp\/v2\/comments?post=29451"}],"version-history":[{"count":1,"href":"https:\/\/famosso.ba\/bs\/wp-json\/wp\/v2\/product\/29451\/revisions"}],"predecessor-version":[{"id":29455,"href":"https:\/\/famosso.ba\/bs\/wp-json\/wp\/v2\/product\/29451\/revisions\/29455"}],"wp:featuredmedia":[{"embeddable":true,"href":"https:\/\/famosso.ba\/bs\/wp-json\/wp\/v2\/media\/29454"}],"wp:attachment":[{"href":"https:\/\/famosso.ba\/bs\/wp-json\/wp\/v2\/media?parent=29451"}],"wp:term":[{"taxonomy":"product_brand","embeddable":true,"href":"https:\/\/famosso.ba\/bs\/wp-json\/wp\/v2\/product_brand?post=29451"},{"taxonomy":"product_cat","embeddable":true,"href":"https:\/\/famosso.ba\/bs\/wp-json\/wp\/v2\/product_cat?post=29451"},{"taxonomy":"product_tag","embeddable":true,"href":"https:\/\/famosso.ba\/bs\/wp-json\/wp\/v2\/product_tag?post=29451"}],"curies":[{"name":"wp","href":"https:\/\/api.w.org\/{rel}","templated":true}]}}