{"id":29472,"date":"2026-03-28T14:00:00","date_gmt":"2026-03-28T14:00:00","guid":{"rendered":"https:\/\/famosso.ba\/?post_type=product&#038;p=29472"},"modified":"2026-03-28T14:00:00","modified_gmt":"2026-03-28T14:00:00","slug":"nescafe-3u1-classic-vrecice-28-x-165-g-2","status":"publish","type":"product","link":"https:\/\/famosso.ba\/bs\/proizvod\/nescafe-3u1-classic-vrecice-28-x-165-g-2\/","title":{"rendered":"Nescaf\u00e9 3u1 Classic vre\u0107ice 28 x 16,5 g"},"content":{"rendered":"","protected":false},"excerpt":{"rendered":"<p>Instant napitak od kave. Nescaf\u00e9 3u1 Classic je jedinstvena kombinacija ukusne bijele kave i \u0161e\u0107era koja stane u male, prakti\u010dne, duguljaste vre\u0107ice. Izvrsne proporcije sadr\u017eane u svakom &#8220;prstu&#8221; daju vam mogu\u0107nost brze i jednostavne pripreme va\u0161e omiljene kave s nje\u017enim okusom. Zbog toga je Nescaf\u00e9 3u1 Classic vrlo dobra ponuda za sve koji zapo\u010dinju svoju avanturu s kavom. Uvijek ga mo\u017eete dr\u017eati sa sobom.<\/p>\n<div class=\"mpof_ki myre_zn myre_8v_l m389_6m_l\">\n<div class=\"mp4t_16_s mryx_16_s mr3m_1 mli2_1 mh85_56 mh85_0_l\">\n<div class=\"mgn2_16 _0d3bd_am0a-\">\n<p>&#8211; Mje\u0161avina bijele kave sa \u0161e\u0107erom &#8211; Prakti\u010dna vre\u0107ica &#8211; Brzina i jednostavnost pripreme<\/p>\n<\/div>\n<\/div>\n<\/div>\n<div class=\"mpof_ki myre_zn myre_8v_l m389_6m_l\">\n<div class=\"mp4t_16_s mryx_16_s mr3m_1 mli2_1 mh85_56 mh85_0_l\">\n<div class=\"mgn2_16 _0d3bd_am0a-\">\n<p><strong>Sastojci:<\/strong>\u00a0\u0161e\u0107er; glukozni sirup; potpuno hidrogenirano ulje palminih ko\u0161tica; instant kava 7,9%; tapiokin \u0161krob; stabilizatori (E340, E331, E452, E451); mlije\u010dni proteini; sol; emulgatori (E471, E472e); okus (s mlijekom)<\/p>\n<\/div>\n<\/div>\n<\/div>\n<div class=\"mpof_ki myre_zn myre_8v_l m389_6m_l\">\n<div class=\"mp4t_16_s mryx_16_s mr3m_1 mli2_1 mh85_56 mh85_0_l\">\n<div class=\"mgn2_16 _0d3bd_am0a-\">\n<p><strong>Nutritivne vrijednosti na 100 g:<\/strong><\/p>\n<ul>\n<li><b>Energetska vrijednost:<\/b>\u00a0\u00a0\u00a01861 kJ \/ 422 kcal<\/li>\n<li><b>Mast:<\/b>\u00a0\u00a0\u00a013,1 grama<\/li>\n<li><b>Zasi\u0107ene masne kiseline:<\/b>\u00a0\u00a0\u00a012 grama<\/li>\n<li><b>Ugljikohidrati:<\/b>\u00a0\u00a0\u00a078 g<\/li>\n<li><b>\u0160e\u0107eri:<\/b>\u00a0\u00a0\u00a057,4 g<\/li>\n<li><b>Protein:<\/b>\u00a0\u00a0\u00a02 grama<\/li>\n<li><b>Vlakno:<\/b>\u00a0\u00a0\u00a02 grama<\/li>\n<li><b>Sol:<\/b>\u00a0\u00a0\u00a01,08 grama<\/li>\n<\/ul>\n<\/div>\n<\/div>\n<\/div>","protected":false},"featured_media":29470,"comment_status":"open","ping_status":"closed","template":"","meta":{"pagelayer_contact_templates":[],"_pagelayer_content":""},"product_brand":[78],"product_cat":[83,76,74],"product_tag":[],"class_list":{"0":"post-29472","1":"product","2":"type-product","3":"status-publish","4":"has-post-thumbnail","6":"product_brand-nescafe","7":"product_cat-instant-kafa","8":"product_cat-kafa","9":"product_cat-proizvodi","11":"first","12":"instock","13":"shipping-taxable","14":"product-type-simple"},"_links":{"self":[{"href":"https:\/\/famosso.ba\/bs\/wp-json\/wp\/v2\/product\/29472","targetHints":{"allow":["GET"]}}],"collection":[{"href":"https:\/\/famosso.ba\/bs\/wp-json\/wp\/v2\/product"}],"about":[{"href":"https:\/\/famosso.ba\/bs\/wp-json\/wp\/v2\/types\/product"}],"replies":[{"embeddable":true,"href":"https:\/\/famosso.ba\/bs\/wp-json\/wp\/v2\/comments?post=29472"}],"version-history":[{"count":1,"href":"https:\/\/famosso.ba\/bs\/wp-json\/wp\/v2\/product\/29472\/revisions"}],"predecessor-version":[{"id":29475,"href":"https:\/\/famosso.ba\/bs\/wp-json\/wp\/v2\/product\/29472\/revisions\/29475"}],"wp:featuredmedia":[{"embeddable":true,"href":"https:\/\/famosso.ba\/bs\/wp-json\/wp\/v2\/media\/29470"}],"wp:attachment":[{"href":"https:\/\/famosso.ba\/bs\/wp-json\/wp\/v2\/media?parent=29472"}],"wp:term":[{"taxonomy":"product_brand","embeddable":true,"href":"https:\/\/famosso.ba\/bs\/wp-json\/wp\/v2\/product_brand?post=29472"},{"taxonomy":"product_cat","embeddable":true,"href":"https:\/\/famosso.ba\/bs\/wp-json\/wp\/v2\/product_cat?post=29472"},{"taxonomy":"product_tag","embeddable":true,"href":"https:\/\/famosso.ba\/bs\/wp-json\/wp\/v2\/product_tag?post=29472"}],"curies":[{"name":"wp","href":"https:\/\/api.w.org\/{rel}","templated":true}]}}