{"id":29479,"date":"2026-03-28T14:10:51","date_gmt":"2026-03-28T14:10:51","guid":{"rendered":"https:\/\/famosso.ba\/?post_type=product&#038;p=29479"},"modified":"2026-03-28T23:36:09","modified_gmt":"2026-03-28T23:36:09","slug":"nescafe-intenso","status":"publish","type":"product","link":"https:\/\/famosso.ba\/bs\/proizvod\/nescafe-intenso\/","title":{"rendered":"Nescaf\u00e9 Intense"},"content":{"rendered":"","protected":false},"excerpt":{"rendered":"<p><span dir=\"auto\">Klasi\u010dna srednje pr\u017eena mje\u0161avina zrna\u00a0<\/span><a href=\"https:\/\/www.nescafe.kz\/articles\/proiskhozhdenie-kofe\"><span dir=\"auto\">Arabice<\/span><\/a><span dir=\"auto\">\u00a0i Robuste. Umjerena gor\u010dina s naznakama kakaa kombinirana je sa suptilnom kiselo\u0161\u0107u i upotpunjena kremastom teksturom. Odli\u010dan izbor za ljubitelje jakog\u00a0<\/span><a href=\"https:\/\/www.nescafe.kz\/articles\/kofe-espresso\"><span dir=\"auto\">espressa<\/span><\/a><span dir=\"auto\">\u00a0.<\/span><\/p>\n<p><span dir=\"auto\">Ova kafa je pogodna samo za upotrebu u profesionalnim aparatima za kafu NESCAF\u00c9\u00ae.<\/span><\/p>\n<p><span dir=\"auto\">Svaka vre\u0107ica NESCAF\u00c9\u00ae kafe u zrnu napravljena je od recikliraju\u0107eg monomaterijala, po\u0161tuju\u0107i okoli\u0161 i ispunjavaju\u0107i stroge kriterije sigurnosti hrane.<\/span><\/p>","protected":false},"featured_media":29482,"comment_status":"open","ping_status":"closed","template":"","meta":{"pagelayer_contact_templates":[],"_pagelayer_content":""},"product_brand":[78],"product_cat":[76,74],"product_tag":[],"class_list":{"0":"post-29479","1":"product","2":"type-product","3":"status-publish","4":"has-post-thumbnail","6":"product_brand-nescafe","7":"product_cat-kafa","8":"product_cat-proizvodi","10":"first","11":"instock","12":"shipping-taxable","13":"product-type-simple"},"_links":{"self":[{"href":"https:\/\/famosso.ba\/bs\/wp-json\/wp\/v2\/product\/29479","targetHints":{"allow":["GET"]}}],"collection":[{"href":"https:\/\/famosso.ba\/bs\/wp-json\/wp\/v2\/product"}],"about":[{"href":"https:\/\/famosso.ba\/bs\/wp-json\/wp\/v2\/types\/product"}],"replies":[{"embeddable":true,"href":"https:\/\/famosso.ba\/bs\/wp-json\/wp\/v2\/comments?post=29479"}],"version-history":[{"count":2,"href":"https:\/\/famosso.ba\/bs\/wp-json\/wp\/v2\/product\/29479\/revisions"}],"predecessor-version":[{"id":29484,"href":"https:\/\/famosso.ba\/bs\/wp-json\/wp\/v2\/product\/29479\/revisions\/29484"}],"wp:featuredmedia":[{"embeddable":true,"href":"https:\/\/famosso.ba\/bs\/wp-json\/wp\/v2\/media\/29482"}],"wp:attachment":[{"href":"https:\/\/famosso.ba\/bs\/wp-json\/wp\/v2\/media?parent=29479"}],"wp:term":[{"taxonomy":"product_brand","embeddable":true,"href":"https:\/\/famosso.ba\/bs\/wp-json\/wp\/v2\/product_brand?post=29479"},{"taxonomy":"product_cat","embeddable":true,"href":"https:\/\/famosso.ba\/bs\/wp-json\/wp\/v2\/product_cat?post=29479"},{"taxonomy":"product_tag","embeddable":true,"href":"https:\/\/famosso.ba\/bs\/wp-json\/wp\/v2\/product_tag?post=29479"}],"curies":[{"name":"wp","href":"https:\/\/api.w.org\/{rel}","templated":true}]}}