{"id":29514,"date":"2026-03-29T01:46:42","date_gmt":"2026-03-29T01:46:42","guid":{"rendered":"https:\/\/famosso.ba\/?post_type=product&#038;p=29514"},"modified":"2026-03-29T01:48:53","modified_gmt":"2026-03-29T01:48:53","slug":"nestle-obrano-mlijeko-obrano-mlijeko-u-prahu-500-g","status":"publish","type":"product","link":"https:\/\/famosso.ba\/bs\/proizvod\/nestle-obrano-mlijeko-obrano-mlijeko-u-prahu-500-g\/","title":{"rendered":"Nestl\u00e9 obrano mlijeko, obrano mlijeko u prahu 500 g"},"content":{"rendered":"","protected":false},"excerpt":{"rendered":"<p>Nestl\u00e9 obrano mlijeko je 100% obrano mlijeko u prahu koje gotovom proizvodu daje odli\u010dnu kremastu teksturu u \u0161oljici. Idealno za pravljenje kapu\u0107ina i makijata.<\/p>","protected":false},"featured_media":29517,"comment_status":"open","ping_status":"closed","template":"","meta":{"pagelayer_contact_templates":[],"_pagelayer_content":""},"product_brand":[87],"product_cat":[23,82,88,74],"product_tag":[],"class_list":{"0":"post-29514","1":"product","2":"type-product","3":"status-publish","4":"has-post-thumbnail","6":"product_brand-nestea","7":"product_cat-accessories","8":"product_cat-hrana","9":"product_cat-mljeko","10":"product_cat-proizvodi","12":"first","13":"instock","14":"shipping-taxable","15":"product-type-simple"},"_links":{"self":[{"href":"https:\/\/famosso.ba\/bs\/wp-json\/wp\/v2\/product\/29514","targetHints":{"allow":["GET"]}}],"collection":[{"href":"https:\/\/famosso.ba\/bs\/wp-json\/wp\/v2\/product"}],"about":[{"href":"https:\/\/famosso.ba\/bs\/wp-json\/wp\/v2\/types\/product"}],"replies":[{"embeddable":true,"href":"https:\/\/famosso.ba\/bs\/wp-json\/wp\/v2\/comments?post=29514"}],"version-history":[{"count":2,"href":"https:\/\/famosso.ba\/bs\/wp-json\/wp\/v2\/product\/29514\/revisions"}],"predecessor-version":[{"id":29519,"href":"https:\/\/famosso.ba\/bs\/wp-json\/wp\/v2\/product\/29514\/revisions\/29519"}],"wp:featuredmedia":[{"embeddable":true,"href":"https:\/\/famosso.ba\/bs\/wp-json\/wp\/v2\/media\/29517"}],"wp:attachment":[{"href":"https:\/\/famosso.ba\/bs\/wp-json\/wp\/v2\/media?parent=29514"}],"wp:term":[{"taxonomy":"product_brand","embeddable":true,"href":"https:\/\/famosso.ba\/bs\/wp-json\/wp\/v2\/product_brand?post=29514"},{"taxonomy":"product_cat","embeddable":true,"href":"https:\/\/famosso.ba\/bs\/wp-json\/wp\/v2\/product_cat?post=29514"},{"taxonomy":"product_tag","embeddable":true,"href":"https:\/\/famosso.ba\/bs\/wp-json\/wp\/v2\/product_tag?post=29514"}],"curies":[{"name":"wp","href":"https:\/\/api.w.org\/{rel}","templated":true}]}}