{"id":29520,"date":"2026-03-29T01:53:01","date_gmt":"2026-03-29T01:53:01","guid":{"rendered":"https:\/\/famosso.ba\/?post_type=product&#038;p=29520"},"modified":"2026-03-29T01:53:01","modified_gmt":"2026-03-29T01:53:01","slug":"nescafe-cappuccino-vanilla","status":"publish","type":"product","link":"https:\/\/famosso.ba\/bs\/proizvod\/nescafe-cappuccino-vanilla\/","title":{"rendered":"NESCAF\u00c9 Cappuccino Vanilla"},"content":{"rendered":"","protected":false},"excerpt":{"rendered":"<p><span dir=\"auto\">Kada se pripremi, NESCAF\u00c9 Cappuccino Vanilla nudi kremastu varijaciju kafe napravljenu od instant kafe i mlijeka u prahu s nje\u017enim okusom vanilije. Blago zasla\u0111en, idealan je izbor za svako godi\u0161nje doba i pogodan je za sve potpuno automatske aparate za kafu.<\/span><\/p>\n<p><span dir=\"auto\">Priprema je brza i omogu\u0107ava vam da poslu\u017eite toplu ili hladnu kafu po potrebi. Savr\u0161ena za pauze, \u0161vedske stolove, kafeterije ili doga\u0111aje, osigurava ujedna\u010den okus za sve goste. Tekstura je bar\u0161unasta, mousse bogat i uskla\u0111uje se sa suptilnom aromom, stvaraju\u0107i ugodno iskustvo.<\/span><\/p>\n<p><span dir=\"auto\">Zahvaljuju\u0107i kompatibilnosti, jednostavnosti kori\u0161tenja i prakti\u010dnom skladi\u0161tenju, proizvod je pogodan za mnoge profesionalne primjene. Njegova stabilnost, fleksibilnost, svestranost, pouzdanost, konzistentnost, prakti\u010dnost, jednostavnost, brzina, izdr\u017eljivost, prilagodljivost, konzistentan okus i privla\u010dna prezentacija pove\u0107avaju atraktivnost NESCAF\u00c9 Cappuccino Vanilla u svakoj profesionalnoj kuhinji.<\/span><\/p>","protected":false},"featured_media":29523,"comment_status":"open","ping_status":"closed","template":"","meta":{"pagelayer_contact_templates":[],"_pagelayer_content":""},"product_brand":[78],"product_cat":[83,76,74],"product_tag":[],"class_list":{"0":"post-29520","1":"product","2":"type-product","3":"status-publish","4":"has-post-thumbnail","6":"product_brand-nescafe","7":"product_cat-instant-kafa","8":"product_cat-kafa","9":"product_cat-proizvodi","11":"first","12":"instock","13":"shipping-taxable","14":"product-type-simple"},"_links":{"self":[{"href":"https:\/\/famosso.ba\/bs\/wp-json\/wp\/v2\/product\/29520","targetHints":{"allow":["GET"]}}],"collection":[{"href":"https:\/\/famosso.ba\/bs\/wp-json\/wp\/v2\/product"}],"about":[{"href":"https:\/\/famosso.ba\/bs\/wp-json\/wp\/v2\/types\/product"}],"replies":[{"embeddable":true,"href":"https:\/\/famosso.ba\/bs\/wp-json\/wp\/v2\/comments?post=29520"}],"version-history":[{"count":1,"href":"https:\/\/famosso.ba\/bs\/wp-json\/wp\/v2\/product\/29520\/revisions"}],"predecessor-version":[{"id":29524,"href":"https:\/\/famosso.ba\/bs\/wp-json\/wp\/v2\/product\/29520\/revisions\/29524"}],"wp:featuredmedia":[{"embeddable":true,"href":"https:\/\/famosso.ba\/bs\/wp-json\/wp\/v2\/media\/29523"}],"wp:attachment":[{"href":"https:\/\/famosso.ba\/bs\/wp-json\/wp\/v2\/media?parent=29520"}],"wp:term":[{"taxonomy":"product_brand","embeddable":true,"href":"https:\/\/famosso.ba\/bs\/wp-json\/wp\/v2\/product_brand?post=29520"},{"taxonomy":"product_cat","embeddable":true,"href":"https:\/\/famosso.ba\/bs\/wp-json\/wp\/v2\/product_cat?post=29520"},{"taxonomy":"product_tag","embeddable":true,"href":"https:\/\/famosso.ba\/bs\/wp-json\/wp\/v2\/product_tag?post=29520"}],"curies":[{"name":"wp","href":"https:\/\/api.w.org\/{rel}","templated":true}]}}